{"id":825,"date":"2020-11-19T15:27:42","date_gmt":"2020-11-19T14:27:42","guid":{"rendered":"https:\/\/krolevents.fr\/?page_id=825"},"modified":"2021-04-06T22:46:19","modified_gmt":"2021-04-06T20:46:19","slug":"livraison","status":"publish","type":"page","link":"https:\/\/krolevents.fr\/index.php\/livraison\/","title":{"rendered":"Cocktails en Livraison"},"content":{"rendered":"<h1 style=\"text-align: center;\">Krol&rsquo;s Events vous propose un large choix de cocktails en livraison\u00a0 :<\/h1>\n<p>&nbsp;<\/p>\n<h3><strong><u>COCKTAILS\u00a0: 7 Euros<img data-recalc-dims=\"1\" loading=\"lazy\" decoding=\"async\" class=\"alignright wp-image-711 size-thumbnail\" src=\"https:\/\/i0.wp.com\/krolevents.fr\/wp-content\/uploads\/2020\/09\/IMG_8874.jpeg?resize=250%2C250&#038;ssl=1\" alt=\"Krols Events\" width=\"250\" height=\"250\" srcset=\"https:\/\/i0.wp.com\/krolevents.fr\/wp-content\/uploads\/2020\/09\/IMG_8874.jpeg?resize=250%2C250&amp;ssl=1 250w, https:\/\/i0.wp.com\/krolevents.fr\/wp-content\/uploads\/2020\/09\/IMG_8874.jpeg?resize=300%2C300&amp;ssl=1 300w, https:\/\/i0.wp.com\/krolevents.fr\/wp-content\/uploads\/2020\/09\/IMG_8874.jpeg?resize=75%2C75&amp;ssl=1 75w, https:\/\/i0.wp.com\/krolevents.fr\/wp-content\/uploads\/2020\/09\/IMG_8874.jpeg?zoom=2&amp;resize=250%2C250&amp;ssl=1 500w\" sizes=\"auto, (max-width: 250px) 100vw, 250px\" \/><\/u><\/strong><\/h3>\n<p><strong>\u00a0<\/strong><\/p>\n<h5><strong>Blue Hawa\u00cfan : <\/strong><\/h5>\n<p>Rhum blanc, liqueur de Cura\u00e7ao bleu, cr\u00e8me de coco, jus d\u2019ananas, jus de citron vert<\/p>\n<p>&nbsp;<\/p>\n<h5><strong>Banana Colada\u00a0:<\/strong><\/h5>\n<p>Rhum blanc, jus d\u2019ananas, cr\u00e8me de banane, cr\u00e8me de coco, banane fra\u00eeche<\/p>\n<p>&nbsp;<\/p>\n<h5><strong>Red Island :<\/strong><\/h5>\n<p>Rhum blanc, jus de citron jaune, pur\u00e9e de myrtille, sirop de sucre, eau gazeuse<\/p>\n<p>&nbsp;<\/p>\n<h5><strong>K\u2019s Iced tea\u00a0:<\/strong><\/h5>\n<p>Rhum blanc, vodka, tequila, gin, triple sec, liqueur de melon vert, jus de citron vert, limonade<\/p>\n<p><strong>\u00a0<\/strong><\/p>\n<h5><strong>K\u2019s Coladamia<\/strong><\/h5>\n<p>Rhum blanc, lait d\u2019avoine, sirop de noix de macadamia, jus d\u2019ananas, vanille<\/p>\n<p><strong>\u00a0<\/strong><\/p>\n<h5><strong>Bermude\u00a0:<\/strong><\/h5>\n<p>Rhum ambr\u00e9, liqueur de falernum, jus d\u2019orange, jus d\u2019ananas, jus de citron vert et angostura<\/p>\n<p><strong>\u00a0<\/strong><\/p>\n<h5><strong>Scorpion\u00a0:<\/strong><\/h5>\n<p>Rhum ambr\u00e9, cognac, jus d\u2019orange, jus de citron jaune, sirop d\u2019orgeat<\/p>\n<p>&nbsp;<\/p>\n<h5><strong>Zombie\u00a0:<\/strong><\/h5>\n<p>Rhum ambr\u00e9, Cointreau, sirop de grenadine, jus d\u2019orange, jus d\u2019ananas, jus de citron vert, jus de citron jaune<\/p>\n<p>&nbsp;<\/p>\n<h5><strong>Estes\u00a0:<\/strong><\/h5>\n<p>Tequila, cr\u00e8me de framboise, jus de Cranberry, pur\u00e9e de framboise, jus de citron vert, sirop d\u2019agave<\/p>\n<p><strong>\u00a0<\/strong><\/p>\n<h5><strong>El burro\u00a0:<\/strong><\/h5>\n<p>Tequila, jus de citron vert, sirop de sucre, ginger beer, angostura<\/p>\n<p>&nbsp;<\/p>\n<h5><strong>Maracuja cider\u00a0:<\/strong><\/h5>\n<p>Rhum blanc, liqueur de fruit de la passion, Menthe fra\u00eeche, jus de citron vert, \u00a0hard cider<\/p>\n<p>&nbsp;<\/p>\n<h5><strong>Amber\u00a0:<\/strong><\/h5>\n<p>Vodka, jus de pomme, jus de gingembre, sirop de sucre, manzana<\/p>\n<p><strong>\u00a0<\/strong><\/p>\n<h5><strong>Sweet moscow\u00a0:<\/strong><\/h5>\n<p>Vodka, jus de gingembre, liqueur de cura\u00e7ao bleu, jus de citron vert,\u00a0ginger ale<\/p>\n<p>&nbsp;<\/p>\n<h5><strong>Th\u00e9 glac\u00e9\u00a0:<\/strong><\/h5>\n<p>Vodka, liqueur de th\u00e9 vert mat\u00e9, jus de citron vert, menthe fra\u00eeche, eau gazeuse<\/p>\n<p>&nbsp;<\/p>\n<h5><strong>Sex on the beach\u00a0:<\/strong><\/h5>\n<p>Vodka, liqueur de p\u00eache, cr\u00e8me de framboise, jus d\u2019orange, jus de cranberry<\/p>\n<p><strong>\u00a0<\/strong><\/p>\n<h5><strong>Watermelon Man\u00a0:<\/strong><\/h5>\n<p>Vodka, liqueur de past\u00e8que, sirop de grenadine, jus de citron vert, sirop de sucre, eau gazeuse<\/p>\n<p><strong data-wp-editing=\"1\">\u00a0<\/strong><\/p>\n<h5><strong>Moscow mule\u00a0:<\/strong><\/h5>\n<p>Vodka, jus de citron vert, jus de concombre, ginger beer<\/p>\n<p><strong>\u00a0<\/strong><\/p>\n<h5><strong>Singapour Sling\u00a0:<\/strong><\/h5>\n<p>Gin, b\u00e9n\u00e9dictine, liqueur de cherry,\u00a0 cointreau, jus d\u2019ananas, jus de citron jaune, sirop de sucre, angostura bitter, angostura orange, eau gazeuse<\/p>\n<p>&nbsp;<\/p>\n<h5><strong>Colonia Cooler\u00a0:<\/strong><\/h5>\n<p>Gin, Martini rouge, Cointreau, Picon, angostura aromatic, eau gazeuse<\/p>\n<p>&nbsp;<\/p>\n<h5><strong>Dead Parrot\u00a0:<\/strong><\/h5>\n<p>Gin, aquavit, cura\u00e7ao bleu, liqueur de marasquin, jus de citron jaune, eau de coco, sirop de sucre<\/p>\n<p>&nbsp;<\/p>\n<h5><strong>Ederflower Collins\u00a0:<\/strong><\/h5>\n<p>Gin, liqueur de sureau, jus de citron jaune, sirop de sucre, eau gazeuse<\/p>\n<p><strong>\u00a0<\/strong><\/p>\n<h5><strong>Cucumber Fizz :<\/strong><\/h5>\n<p>Gin, jus de citron vert, jus de concombre, sirop de sucre, eau gazeuse<\/p>\n<p>&nbsp;<\/p>\n<h5><strong>Brighton punch\u00a0:<\/strong><\/h5>\n<p>Bourbon, b\u00e9n\u00e9dictine, cognac, jus d\u2019ananas, jus de citron jaune<\/p>\n<p><strong>\u00a0<\/strong><\/p>\n<h5><strong>Eclipse\u00a0:<\/strong><\/h5>\n<p>Bourbon, pur\u00e9e de framboise, cr\u00e8me de framboise, jus de citron vert, jus de cranberry<\/p>\n<p>&nbsp;<\/p>\n<h5><strong>Bourbon smash\u00a0:<\/strong><\/h5>\n<p>Bourbon, jus de cranberry, jus de citron vert, pur\u00e9e de framboise, menthe fraiche, sirop de sucre, angostura<\/p>\n<p>&nbsp;<\/p>\n<h5><strong>Swizzle\u00a0:<\/strong><\/h5>\n<p>Chartreuse, liqueur de fallernum, jus d\u2019ananas, jus de citron vert<\/p>\n<p>&nbsp;<\/p>\n<h5><strong>French Sangria\u00a0:<\/strong><\/h5>\n<p>Cognac, vin rouge, grand marnier, jus d\u2019orange, jus de citron jaune, sirop de sucre, eau gazeuse, noix de muscade<\/p>\n<p>&nbsp;<\/p>\n<div>\n<h5><strong>Vodka-Pomme 2.0 :<\/strong><\/h5>\n<\/div>\n<div>Vodka, jus de pomme granny smith, jus de c\u00e9leri, jus de citron vert, angostura bitter<\/div>\n<p>&nbsp;<\/p>\n<div>\n<h5><strong>Douceur hivernale :<\/strong><\/h5>\n<\/div>\n<div>Rhum ambr\u00e9, Liqueur de pomme et ch\u00e2taigne, Sirop de noisette grill\u00e9e, Lait d&rsquo;amande, Vanille<\/div>\n<p>&nbsp;<\/p>\n<div>\n<h5><strong>Geisha :<\/strong><\/h5>\n<\/div>\n<div>Sak\u00e9, Liqueur de yuzu, Sirop de fleur de cerisier, Jus de citron vert, Eau gazeuse<\/div>\n<p>&nbsp;<\/p>\n<h5><strong>Passion :<\/strong><\/h5>\n<p>Gin, Pur\u00e9e de fruit de la passion, sirop de Goyave, Jus de citron vert, Eau gazeuse<\/p>\n<p>&nbsp;<\/p>\n<h5><strong>Pear Fizz :<\/strong><\/h5>\n<p>Gin, Pur\u00e9e de pour, sirop de jasmin, blanc d\u2019oeuf, jus de citron vert, Eau gazeuse<\/p>\n<p>&nbsp;<\/p>\n<h3><strong><u>LES SANS ALCOOLS : 4 Euros<img data-recalc-dims=\"1\" loading=\"lazy\" decoding=\"async\" class=\"size-full wp-image-829 alignright\" src=\"https:\/\/i0.wp.com\/krolevents.fr\/wp-content\/uploads\/2020\/11\/Sans-titre-1.png?resize=250%2C167&#038;ssl=1\" alt=\"\" width=\"250\" height=\"167\" \/><\/u><\/strong><\/h3>\n<p>&nbsp;<\/p>\n<h5><strong>Le Malo\u00a0:<\/strong><\/h5>\n<p>Jus d\u2019orange, nectar de fraise, nectar d\u2019abricot, sirop de myrtille<\/p>\n<p><strong>\u00a0<\/strong><\/p>\n<h5><strong>Sweet cosmo\u00a0:<\/strong><\/h5>\n<p>Jus de cranberry, jus d\u2019orange, sirop de fleur de sureau, jus de citron jaune, eau gazeuse<\/p>\n<p>&nbsp;<\/p>\n<h5><strong>Virgin Coladamia\u00a0:<\/strong><\/h5>\n<p>Jus d\u2019ananas, cr\u00e8me de Coco, sirop de noix de macadamia, vanille<\/p>\n<p>&nbsp;<\/p>\n<h5><strong>Virgin MARY :<\/strong><\/h5>\n<p>Jus de tomate, jus de c\u00e9leri, sirop de basilic, jus de citron, tabasco, Worcester sauce<\/p>\n<p>&nbsp;<\/p>\n<h5><strong>Virgin Haiwa\u00efn :<\/strong><\/h5>\n<p>Jus d\u2019ananas, cr\u00e8me de coco, sirop de Cura\u00e7ao bleu, jus de citron vert, sirop de rhum<\/p>\n<p>&nbsp;<\/p>\n<h5><strong>Sweet Fizz :<\/strong><\/h5>\n<p>Sirop de gin, jus de citron jaune, jus de concombre, jus de citron vert, eau gazeuse<\/p>\n<p>&nbsp;<\/p>\n<h5><strong>Le Citrus :<\/strong><\/h5>\n<p>Jus de pamplemousse rose, jus d\u2019orange, jus de citron jaune, sirop de yuzu<\/p>\n<hr \/>\n<p style=\"text-align: center;\"><strong>Livraison gratuite sur Joinville Le Pont<br \/>\n(\u00e0 partir 25\u20ac pour les communes voisines)<br \/>\nPour plus d&rsquo;informations :<\/strong><br \/>\n<strong>Devis \/ contact : <\/strong>S\u00e9bastien &#8211; 06.98.82.53.99<\/p>\n<p style=\"text-align: center;\">(toute commande doit \u00eatre pass\u00e9e minimum 24h avant la date de livraison)<\/p>\n<hr \/>\n<p>&nbsp;<\/p>\n<p>&nbsp;<\/p>\n","protected":false},"excerpt":{"rendered":"<p>Krol&rsquo;s Events vous propose un large choix de cocktails en livraison\u00a0 : &nbsp; COCKTAILS\u00a0: 7 Euros \u00a0 Blue Hawa\u00cfan : Rhum blanc, liqueur de Cura\u00e7ao bleu, cr\u00e8me de coco, jus d\u2019ananas, jus de citron vert &nbsp; Banana Colada\u00a0: Rhum blanc, jus d\u2019ananas, cr\u00e8me de banane, cr\u00e8me de coco, banane fra\u00eeche &nbsp; Red Island : Rhum blanc, jus de citron jaune, pur\u00e9e de myrtille, sirop de sucre, eau gazeuse &nbsp; K\u2019s Iced tea\u00a0: Rhum blanc, vodka, tequila, gin, triple sec, liqueur de melon vert, jus de citron vert, limonade \u00a0 K\u2019s Coladamia Rhum blanc, lait d\u2019avoine, sirop de noix de macadamia, jus d\u2019ananas, vanille \u00a0 Bermude\u00a0: Rhum ambr\u00e9, liqueur de falernum, jus d\u2019orange, jus d\u2019ananas, jus de citron vert et angostura \u00a0 Scorpion\u00a0: Rhum ambr\u00e9, cognac, jus d\u2019orange, jus de citron jaune, sirop d\u2019orgeat &nbsp; Zombie\u00a0: Rhum ambr\u00e9, Cointreau, sirop de grenadine, jus d\u2019orange, jus d\u2019ananas, jus de citron vert, jus de citron jaune &nbsp; Estes\u00a0: Tequila, cr\u00e8me de framboise, jus de Cranberry, pur\u00e9e de framboise, jus de citron vert, sirop d\u2019agave \u00a0 El burro\u00a0: Tequila, jus de citron vert, sirop de sucre, ginger beer, angostura &nbsp; Maracuja cider\u00a0: Rhum blanc, liqueur de fruit de la passion, Menthe fra\u00eeche, jus de citron vert, \u00a0hard cider &nbsp; Amber\u00a0: Vodka, jus de pomme, jus de gingembre, sirop de sucre, manzana \u00a0 Sweet moscow\u00a0: Vodka, jus de gingembre, liqueur de cura\u00e7ao bleu, jus de citron vert,\u00a0ginger ale &nbsp; Th\u00e9 glac\u00e9\u00a0: Vodka, liqueur de th\u00e9 vert mat\u00e9, jus de citron vert, menthe fra\u00eeche, eau gazeuse &nbsp; Sex on the beach\u00a0: Vodka, liqueur de p\u00eache, cr\u00e8me de framboise, jus d\u2019orange, jus de cranberry \u00a0 Watermelon Man\u00a0: Vodka, liqueur de past\u00e8que, sirop de grenadine, jus de citron vert, sirop de sucre, eau gazeuse \u00a0 Moscow mule\u00a0: Vodka, jus de citron vert, jus de concombre, ginger beer \u00a0 Singapour Sling\u00a0: Gin, b\u00e9n\u00e9dictine, liqueur de cherry,\u00a0 cointreau, jus d\u2019ananas, jus de citron jaune, sirop de sucre, angostura bitter, angostura orange, eau gazeuse &nbsp; Colonia Cooler\u00a0: Gin, Martini rouge, Cointreau, Picon, angostura aromatic, eau gazeuse &nbsp; Dead Parrot\u00a0: Gin, aquavit, cura\u00e7ao bleu, liqueur de marasquin, jus de citron jaune, eau de coco, sirop de sucre &nbsp; Ederflower Collins\u00a0: Gin, liqueur de sureau, jus de citron jaune, sirop de sucre, eau gazeuse \u00a0 Cucumber Fizz : Gin, jus de citron vert, jus de concombre, sirop de sucre, eau gazeuse &nbsp; Brighton punch\u00a0: Bourbon, b\u00e9n\u00e9dictine, cognac, jus d\u2019ananas, jus de citron jaune \u00a0 Eclipse\u00a0: Bourbon, pur\u00e9e de framboise, cr\u00e8me de framboise, jus de citron vert, jus de cranberry &nbsp; Bourbon smash\u00a0: Bourbon, jus de cranberry, jus de citron vert, pur\u00e9e de framboise, menthe fraiche, sirop de sucre, angostura &nbsp; Swizzle\u00a0: Chartreuse, liqueur de fallernum, jus d\u2019ananas, jus de citron vert &nbsp; French Sangria\u00a0: Cognac, vin rouge, grand marnier, jus d\u2019orange, jus de citron jaune, sirop de sucre, eau gazeuse, noix de muscade &nbsp; Vodka-Pomme 2.0 : Vodka, jus de pomme granny smith, jus de c\u00e9leri, jus de citron vert, angostura bitter &nbsp; Douceur hivernale : Rhum ambr\u00e9, Liqueur de pomme et ch\u00e2taigne, Sirop de noisette grill\u00e9e, Lait d&rsquo;amande, Vanille &nbsp; Geisha : Sak\u00e9, Liqueur de yuzu, Sirop de fleur de cerisier, Jus de citron vert, Eau gazeuse &nbsp; Passion : Gin, Pur\u00e9e de fruit de la passion, sirop de Goyave, Jus de citron vert, Eau gazeuse &nbsp; Pear Fizz : Gin, Pur\u00e9e de pour, sirop de jasmin, blanc d\u2019oeuf, jus de citron vert, Eau gazeuse &nbsp; LES SANS ALCOOLS : 4 Euros &nbsp; Le Malo\u00a0: Jus d\u2019orange, nectar de fraise, nectar d\u2019abricot, sirop de myrtille \u00a0 Sweet cosmo\u00a0: Jus de cranberry, jus d\u2019orange, sirop de fleur de sureau, jus de citron jaune, eau gazeuse &nbsp; Virgin Coladamia\u00a0: Jus d\u2019ananas, cr\u00e8me de Coco, sirop de noix de macadamia, vanille &nbsp; Virgin MARY : Jus de tomate, jus de c\u00e9leri, sirop de basilic, jus de citron, tabasco, Worcester sauce &nbsp; Virgin Haiwa\u00efn : Jus d\u2019ananas, cr\u00e8me de coco, sirop de Cura\u00e7ao bleu, jus de citron vert, sirop de rhum &nbsp; Sweet Fizz : Sirop de gin, jus de citron jaune, jus de concombre, jus de citron vert, eau gazeuse &nbsp; Le Citrus : Jus de pamplemousse rose, jus d\u2019orange, jus de citron jaune, sirop de yuzu Livraison gratuite sur Joinville Le Pont (\u00e0 partir 25\u20ac pour les communes voisines) Pour plus d&rsquo;informations : Devis \/ contact : S\u00e9bastien &#8211; 06.98.82.53.99 (toute commande doit \u00eatre pass\u00e9e minimum 24h avant la date de livraison) &nbsp; &nbsp;<\/p>\n","protected":false},"author":1,"featured_media":829,"parent":0,"menu_order":0,"comment_status":"closed","ping_status":"closed","template":"","meta":{"_glsr_average":0,"_glsr_ranking":0,"_glsr_reviews":0,"footnotes":""},"class_list":["post-825","page","type-page","status-publish","has-post-thumbnail","hentry"],"aioseo_notices":[],"jetpack_sharing_enabled":true,"_links":{"self":[{"href":"https:\/\/krolevents.fr\/index.php\/wp-json\/wp\/v2\/pages\/825","targetHints":{"allow":["GET"]}}],"collection":[{"href":"https:\/\/krolevents.fr\/index.php\/wp-json\/wp\/v2\/pages"}],"about":[{"href":"https:\/\/krolevents.fr\/index.php\/wp-json\/wp\/v2\/types\/page"}],"author":[{"embeddable":true,"href":"https:\/\/krolevents.fr\/index.php\/wp-json\/wp\/v2\/users\/1"}],"replies":[{"embeddable":true,"href":"https:\/\/krolevents.fr\/index.php\/wp-json\/wp\/v2\/comments?post=825"}],"version-history":[{"count":23,"href":"https:\/\/krolevents.fr\/index.php\/wp-json\/wp\/v2\/pages\/825\/revisions"}],"predecessor-version":[{"id":874,"href":"https:\/\/krolevents.fr\/index.php\/wp-json\/wp\/v2\/pages\/825\/revisions\/874"}],"wp:featuredmedia":[{"embeddable":true,"href":"https:\/\/krolevents.fr\/index.php\/wp-json\/wp\/v2\/media\/829"}],"wp:attachment":[{"href":"https:\/\/krolevents.fr\/index.php\/wp-json\/wp\/v2\/media?parent=825"}],"curies":[{"name":"wp","href":"https:\/\/api.w.org\/{rel}","templated":true}]}}