{"id":576,"date":"2020-01-21T18:23:30","date_gmt":"2020-01-21T17:23:30","guid":{"rendered":"http:\/\/krolevents.fr\/?page_id=576"},"modified":"2020-01-21T18:28:54","modified_gmt":"2020-01-21T17:28:54","slug":"votre-avis-compte","status":"publish","type":"page","link":"https:\/\/krolevents.fr\/index.php\/votre-avis-compte\/","title":{"rendered":"Votre avis compte !"},"content":{"rendered":"<div class=\"shortcode-site-reviews\"><div class=\"glsr glsr-wpforms\" id=\"k5o5cg0m\" data-from=\"shortcode\" data-shortcode=\"site_reviews\" data-rating=\"2\"><div class=\"glsr-reviews-wrap\">\n    <div class=\"glsr-reviews\">\n        <div class=\"glsr-review\" data-id=\"809\" data-type=\"local\" data-pinned=\"1\" id=\"review-809\" data-assigned='[]'>\n    <div class=\"glsr-review-title\"><h4 class=\"glsr-tag-value\">Une exp\u00e9rience UNIQUE<\/h4><\/div>\n    <div class=\"glsr-review-rating\"><div class=\"glsr-star-rating glsr-stars\" role=\"img\" aria-label=\"Rated 5 out of 5 stars\" data-rating=\"5\" data-reviews=\"0\"><span class=\"glsr-star glsr-star-full\" aria-hidden=\"true\"><\/span><span class=\"glsr-star glsr-star-full\" aria-hidden=\"true\"><\/span><span class=\"glsr-star glsr-star-full\" aria-hidden=\"true\"><\/span><span class=\"glsr-star glsr-star-full\" aria-hidden=\"true\"><\/span><span class=\"glsr-star glsr-star-full\" aria-hidden=\"true\"><\/span><\/div><\/div> <div class=\"glsr-review-date\"><span class=\"glsr-tag-value\">20 octobre 2020<\/span><\/div>\n    \n    <div class=\"glsr-review-content\"><div class=\"glsr-tag-value\" data-expanded=\"false\"><p>Un savoir faire certain dans la pr\u00e9paration de cocktails personnalis\u00e9s en fonction des gouts de chacun. Et petite touche compl\u00e9mentaire, propose m\u00eame des cocktails sans alcools tout aussi passionnants !<\/p><\/div><\/div>\n    \n    <div class=\"glsr-review-author\"><span class=\"glsr-tag-value\">alexandre<\/span><\/div>  \n    \n<\/div>\n<div class=\"glsr-review\" data-id=\"793\" data-type=\"local\" data-pinned=\"1\" id=\"review-793\" data-assigned='[]'>\n    <div class=\"glsr-review-title\"><h4 class=\"glsr-tag-value\">Excellents cocktails<\/h4><\/div>\n    <div class=\"glsr-review-rating\"><div class=\"glsr-star-rating glsr-stars\" role=\"img\" aria-label=\"Rated 5 out of 5 stars\" data-rating=\"5\" data-reviews=\"0\"><span class=\"glsr-star glsr-star-full\" aria-hidden=\"true\"><\/span><span class=\"glsr-star glsr-star-full\" aria-hidden=\"true\"><\/span><span class=\"glsr-star glsr-star-full\" aria-hidden=\"true\"><\/span><span class=\"glsr-star glsr-star-full\" aria-hidden=\"true\"><\/span><span class=\"glsr-star glsr-star-full\" aria-hidden=\"true\"><\/span><\/div><\/div> <div class=\"glsr-review-date\"><span class=\"glsr-tag-value\">14 octobre 2020<\/span><\/div>\n    \n    <div class=\"glsr-review-content\"><div class=\"glsr-tag-value\" data-expanded=\"false\"><p>J&#8217;ai eu l&#8217;occasion de go\u00fbter ses cocktails et je me suis vraiment r\u00e9gal\u00e9e. Initialement, je ne prends que tr\u00e8s rarement des cocktails car je ne sais jamais trop quoi choisir. L\u00e0 je me suis laiss\u00e9e guider et j&#8217;ai \u00e9t\u00e9 agr\u00e9ablement s\u00e9duite par le go\u00fbt de ses cocktails. Il a tout de suite su quels cocktails me plairaient.<\/p><\/div><\/div>\n    \n    <div class=\"glsr-review-author\"><span class=\"glsr-tag-value\">Ingrid<\/span><\/div>  \n    \n<\/div>\n<div class=\"glsr-review\" data-id=\"705\" data-type=\"local\" data-pinned=\"1\" id=\"review-705\" data-assigned='[]'>\n    <div class=\"glsr-review-title\"><h4 class=\"glsr-tag-value\">D\u00e9licieux !<\/h4><\/div>\n    <div class=\"glsr-review-rating\"><div class=\"glsr-star-rating glsr-stars\" role=\"img\" aria-label=\"Rated 4 out of 5 stars\" data-rating=\"4\" data-reviews=\"0\"><span class=\"glsr-star glsr-star-full\" aria-hidden=\"true\"><\/span><span class=\"glsr-star glsr-star-full\" aria-hidden=\"true\"><\/span><span class=\"glsr-star glsr-star-full\" aria-hidden=\"true\"><\/span><span class=\"glsr-star glsr-star-full\" aria-hidden=\"true\"><\/span><span class=\"glsr-star glsr-star-empty\" aria-hidden=\"true\"><\/span><\/div><\/div> <div class=\"glsr-review-date\"><span class=\"glsr-tag-value\">22 septembre 2020<\/span><\/div>\n    \n    <div class=\"glsr-review-content\"><div class=\"glsr-tag-value\" data-expanded=\"false\"><p>Belle d\u00e9couverte, cocktail \u00e0 la demande tr\u00e8s vari\u00e9s, produits de base et alcool d\u2019excellente facture.<\/p>\n<p>Rajoutez \u00e0 cela un barman au top et vous passerez une soir\u00e9e parfaite !<\/p><\/div><\/div>\n    \n    <div class=\"glsr-review-author\"><span class=\"glsr-tag-value\">qfrrcmbbj<\/span><\/div>  \n    \n<\/div>\n<div class=\"glsr-review\" data-id=\"574\" data-type=\"local\" data-pinned=\"1\" id=\"review-574\" data-assigned='[]'>\n    <div class=\"glsr-review-title\"><h4 class=\"glsr-tag-value\">Merci !<\/h4><\/div>\n    <div class=\"glsr-review-rating\"><div class=\"glsr-star-rating glsr-stars\" role=\"img\" aria-label=\"Rated 5 out of 5 stars\" data-rating=\"5\" data-reviews=\"0\"><span class=\"glsr-star glsr-star-full\" aria-hidden=\"true\"><\/span><span class=\"glsr-star glsr-star-full\" aria-hidden=\"true\"><\/span><span class=\"glsr-star glsr-star-full\" aria-hidden=\"true\"><\/span><span class=\"glsr-star glsr-star-full\" aria-hidden=\"true\"><\/span><span class=\"glsr-star glsr-star-full\" aria-hidden=\"true\"><\/span><\/div><\/div> <div class=\"glsr-review-date\"><span class=\"glsr-tag-value\">21 janvier 2020<\/span><\/div>\n    \n    <div class=\"glsr-review-content\"><div class=\"glsr-tag-value\" data-expanded=\"false\"><p>Merci \u00e0 toi Seb pour ta gentillesse et ton implication !<\/p><\/div><\/div>\n    \n    <div class=\"glsr-review-author\"><span class=\"glsr-tag-value\">Gabriel Perrin-Brunier<\/span><\/div>  \n    \n<\/div>\n<div class=\"glsr-review\" data-id=\"980\" data-type=\"local\" id=\"review-980\" data-assigned='[]'>\n    <div class=\"glsr-review-title\"><h4 class=\"glsr-tag-value\">Une tuerieeeee !!!!<\/h4><\/div>\n    <div class=\"glsr-review-rating\"><div class=\"glsr-star-rating glsr-stars\" role=\"img\" aria-label=\"Rated 5 out of 5 stars\" data-rating=\"5\" data-reviews=\"0\"><span class=\"glsr-star glsr-star-full\" aria-hidden=\"true\"><\/span><span class=\"glsr-star glsr-star-full\" aria-hidden=\"true\"><\/span><span class=\"glsr-star glsr-star-full\" aria-hidden=\"true\"><\/span><span class=\"glsr-star glsr-star-full\" aria-hidden=\"true\"><\/span><span class=\"glsr-star glsr-star-full\" aria-hidden=\"true\"><\/span><\/div><\/div> <div class=\"glsr-review-date\"><span class=\"glsr-tag-value\">22 juillet 2023<\/span><\/div>\n    \n    <div class=\"glsr-review-content\"><div class=\"glsr-tag-value\" data-expanded=\"false\"><p>Super cocktail !!!! Magnifiqueeeeee<\/p><\/div><\/div>\n    \n    <div class=\"glsr-review-author\"><span class=\"glsr-tag-value\">Aurelien<\/span><\/div>  \n    \n<\/div>\n    <\/div>\n    \n<\/div><\/div><\/div>\n<hr \/>\n<div class=\"shortcode-site-reviews-form\"><div class=\"glsr glsr-wpforms\" id=\"k5o5jisp\" data-from=\"shortcode\" data-shortcode=\"site_reviews_form\"><div class=\"glsr-form-wrap wpforms-container wpforms-container-full\">\n    <form class=\"glsr-form glsr-review-form wpforms-form\" method=\"post\" enctype=\"multipart\/form-data\">\n        <div class=\"wpforms-field-container\">\n            <input type=\"hidden\" name=\"site-reviews[_action]\" value=\"submit-review\" \/>\n<input type=\"hidden\" name=\"site-reviews[_nonce]\" value=\"c02b033e30\" \/>\n<input type=\"hidden\" name=\"site-reviews[_post_id]\" value=\"576\" \/>\n<input type=\"hidden\" name=\"site-reviews[_referer]\" value=\"\" \/>\n<input type=\"hidden\" name=\"site-reviews[assigned_posts]\" value=\"\" \/>\n<input type=\"hidden\" name=\"site-reviews[assigned_terms]\" value=\"\" \/>\n<input type=\"hidden\" name=\"site-reviews[assigned_users]\" value=\"\" \/>\n<input type=\"hidden\" name=\"site-reviews[excluded]\" value=\"\" \/>\n<input type=\"hidden\" name=\"site-reviews[form_id]\" value=\"k5o5jisp\" \/>\n<input type=\"hidden\" name=\"site-reviews[form_signature]\" value=\"kXRcITQlQhaQLMsTZ2b6LFXI3Kng08xXowG9HtRGl1T36iWna-zs9gN3LwLBrFES-4fHcnYKPa-GTnvPMYDU2hf7pF0xgRvPfhRl-bTOQ67ItR0DC8GyqkVjqlYTPfLHC9l88mTH-O1w_sygeZ5bR2gbeqnQfdDS10o264bekk-O5ueJ2uZekF50CSs2p-U0r30QuVE0s_hBBIx1LY3-6srJ7qk0663yx6nBpAOhlv1k1ylnOhZfkEpj9VU8cpG6cdVZBbva7whuSI5c9ZLbD0IdNPZWEVn23tNylVckZ1_jzUPO2i3JqhrxnQSVgnRdiWJps0ApNDyhjsJFVnx-F9FNW5-hfJVpzG7baGWi6-OVHS2eCr12PZNo0DlfcuCNMzwJN9z8gTsRjgyu3bvQinB_vbA4W_xqHavavX_JGTytsc4KbQ\" \/>\n<input type=\"hidden\" name=\"site-reviews[terms_exist]\" value=\"1\" \/>\n<div class=\"glsr-field wpforms-field\" style=\"display:none;\"><label for=\"site-reviews-22b98b01-k5o5jisp\">Votre avis<\/label><input type=\"text\" class=\"glsr-input glsr-input-text\" id=\"site-reviews-22b98b01-k5o5jisp\" name=\"site-reviews[22b98b01]\" value=\"\" \/><\/div>\n<div class=\"glsr-field glsr-field-rating glsr-required wpforms-field\" data-field=\"rating\" data-type=\"rating\">\n    <label class=\"glsr-label wpforms-field-label\" for=\"k5o5jisp-rating\">\n    <span>Votre note g\u00e9n\u00e9rale<\/span>\n<\/label>\n    <select class=\"browser-default disable-select glsr-select no-wrap no_wrap wpforms-field-large\" id=\"k5o5jisp-rating\" name=\"site-reviews[rating]\" required><option value=\"\">S\u00e9lectionnez une note<\/option><option value=\"5\">5 \u00e9toiles<\/option><option value=\"4\">4 \u00e9toiles<\/option><option value=\"3\">3 \u00e9toiles<\/option><option value=\"2\">2 \u00e9toiles<\/option><option value=\"1\">1 \u00e9toile<\/option><\/select>\n    <label class=\"glsr-field-error wpforms-error\">\n    \n<\/label>\n<\/div>\n<div class=\"glsr-field glsr-field-text glsr-required wpforms-field\" data-field=\"title\" data-type=\"text\">\n    <label class=\"glsr-label wpforms-field-label\" for=\"k5o5jisp-title\">\n    <span>Titre de votre avis<\/span>\n<\/label>\n    <input type=\"text\" class=\"glsr-input glsr-input-text wpforms-field-large\" id=\"k5o5jisp-title\" name=\"site-reviews[title]\" required placeholder=\"Votre avis en quelques mots\" value=\"\" \/>\n    <label class=\"glsr-field-error wpforms-error\">\n    \n<\/label>\n<\/div>\n<div class=\"glsr-field glsr-field-textarea glsr-required wpforms-field\" data-field=\"content\" data-type=\"textarea\">\n    <label class=\"glsr-label wpforms-field-label\" for=\"k5o5jisp-content\">\n    <span>Votre avis<\/span>\n<\/label>\n    <textarea class=\"glsr-textarea wpforms-field-medium\" id=\"k5o5jisp-content\" name=\"site-reviews[content]\" required placeholder=\"D\u00e9taillez-nous votre avis\" rows=\"5\"><\/textarea>\n    <label class=\"glsr-field-error wpforms-error\">\n    \n<\/label>\n<\/div>\n<div class=\"glsr-field glsr-field-text glsr-required wpforms-field\" data-field=\"name\" data-type=\"text\">\n    <label class=\"glsr-label wpforms-field-label\" for=\"k5o5jisp-name\">\n    <span>Votre nom<\/span>\n<\/label>\n    <input type=\"text\" class=\"glsr-input glsr-input-text wpforms-field-large\" id=\"k5o5jisp-name\" name=\"site-reviews[name]\" required placeholder=\"Dites-nous votre nom\" value=\"\" \/>\n    <label class=\"glsr-field-error wpforms-error\">\n    \n<\/label>\n<\/div>\n<div class=\"glsr-field glsr-field-email glsr-required wpforms-field\" data-field=\"email\" data-type=\"email\">\n    <label class=\"glsr-label wpforms-field-label\" for=\"k5o5jisp-email\">\n    <span>Votre mail<\/span>\n<\/label>\n    <input type=\"email\" class=\"glsr-input glsr-input-email wpforms-field-large\" id=\"k5o5jisp-email\" name=\"site-reviews[email]\" required placeholder=\"Dites-nous votre E-mail\" value=\"\" \/>\n    <label class=\"glsr-field-error wpforms-error\">\n    \n<\/label>\n<\/div>\n<div class=\"glsr-field glsr-field-choice glsr-required wpforms-field\" data-field=\"terms\" data-type=\"toggle\">\n    \n    <div class=\"glsr-field-subgroup\">\n        <span class=\"glsr-field-toggle\">\n    <span>\n        <span class=\"glsr-toggle\"><input type=\"checkbox\" class=\"glsr-input-toggle\" id=\"k5o5jisp-terms-1\" name=\"site-reviews[terms]\" required value=\"1\" \/><span class=\"glsr-toggle-track\"><\/span><\/span>\n    <\/span>\n    <label for=\"k5o5jisp-terms-1\">Je certifie que cet avis refl\u00e8te mon exp\u00e9rience et mon opinion propre<\/label>\n<\/span>\n    <\/div>\n    <label class=\"glsr-field-error wpforms-error\">\n    \n<\/label>\n<\/div>\n        <\/div>\n        <div class=\"wpforms-submit-container\">\n            <div data-field=\"submit-button\">\n    <div class=\"wp-block-buttons is-layout-flex\">\n        <div class=\"wp-block-button\">\n            <button type=\"submit\" class=\"glsr-button wp-block-button__link wpforms-submit\" aria-busy=\"false\" data-loading=\"Submitting, please wait...\">Envoyer un avis<\/button>\n        <\/div>\n    <\/div>\n<\/div>\n        <\/div>\n        <div class=\"glsr-form-message wpforms-confirmation-container-full\">\n    <p><\/p>\n<\/div>\n    <\/form>\n<\/div><\/div><\/div>\n<hr \/>\n<div class=\"shortcode-site-reviews-summary\"><div class=\"glsr glsr-wpforms\" id=\"glsr_98hbt5ob\" data-from=\"shortcode\" data-shortcode=\"site_reviews_summary\"><div class=\"glsr-summary-wrap\">\n    <div class=\"glsr-summary\">\n        <div class=\"glsr-summary-rating\"><span class=\"glsr-tag-value\">4,9<\/span><\/div>\n        <div class=\"glsr-summary-stars\"><div class=\"glsr-star-rating glsr-stars\" role=\"img\" aria-label=\"Rated 4.9 out of 5 stars based on 13 ratings\" data-rating=\"4.9\" data-reviews=\"13\"><span class=\"glsr-star glsr-star-full\" aria-hidden=\"true\"><\/span><span class=\"glsr-star glsr-star-full\" aria-hidden=\"true\"><\/span><span class=\"glsr-star glsr-star-full\" aria-hidden=\"true\"><\/span><span class=\"glsr-star glsr-star-full\" aria-hidden=\"true\"><\/span><span class=\"glsr-star glsr-star-full\" aria-hidden=\"true\"><\/span><\/div><\/div>\n        <div class=\"glsr-summary-text\"><span class=\"glsr-tag-value\">4,9 sur 5 \u00e9toiles (sur la base de 13 avis)<\/span><\/div>\n        <div class=\"glsr-summary-percentages\"><div class=\"glsr-summary-bar\" data-level=\"5\"><span class=\"glsr-summary-bar-label\">Excellent<\/span><span class=\"glsr-summary-bar-background\" style=\"--glsr-bar-percent:92%;\"><\/span><span class=\"glsr-summary-bar-percent\" data-percent=\"92%\" data-reviews=\"12\"><\/span><\/div><div class=\"glsr-summary-bar\" data-level=\"4\"><span class=\"glsr-summary-bar-label\">Tr\u00e8s bien<\/span><span class=\"glsr-summary-bar-background\" style=\"--glsr-bar-percent:8%;\"><\/span><span class=\"glsr-summary-bar-percent\" data-percent=\"8%\" data-reviews=\"1\"><\/span><\/div><div class=\"glsr-summary-bar\" data-level=\"3\"><span class=\"glsr-summary-bar-label\">Moyen<\/span><span class=\"glsr-summary-bar-background\" style=\"--glsr-bar-percent:0%;\"><\/span><span class=\"glsr-summary-bar-percent\" data-percent=\"0%\" data-reviews=\"0\"><\/span><\/div><div class=\"glsr-summary-bar\" data-level=\"2\"><span class=\"glsr-summary-bar-label\">Passable<\/span><span class=\"glsr-summary-bar-background\" style=\"--glsr-bar-percent:0%;\"><\/span><span class=\"glsr-summary-bar-percent\" data-percent=\"0%\" data-reviews=\"0\"><\/span><\/div><div class=\"glsr-summary-bar\" data-level=\"1\"><span class=\"glsr-summary-bar-label\">Mauvais<\/span><span class=\"glsr-summary-bar-background\" style=\"--glsr-bar-percent:0%;\"><\/span><span class=\"glsr-summary-bar-percent\" data-percent=\"0%\" data-reviews=\"0\"><\/span><\/div><\/div>\n    <\/div>\n<\/div><\/div><\/div>\n<p>&nbsp;<\/p>\n","protected":false},"excerpt":{"rendered":"<p>&nbsp;<\/p>\n","protected":false},"author":1,"featured_media":0,"parent":0,"menu_order":0,"comment_status":"closed","ping_status":"closed","template":"","meta":{"_glsr_average":0,"_glsr_ranking":0,"_glsr_reviews":0,"footnotes":""},"class_list":["post-576","page","type-page","status-publish","hentry"],"aioseo_notices":[],"jetpack_sharing_enabled":true,"_links":{"self":[{"href":"https:\/\/krolevents.fr\/index.php\/wp-json\/wp\/v2\/pages\/576","targetHints":{"allow":["GET"]}}],"collection":[{"href":"https:\/\/krolevents.fr\/index.php\/wp-json\/wp\/v2\/pages"}],"about":[{"href":"https:\/\/krolevents.fr\/index.php\/wp-json\/wp\/v2\/types\/page"}],"author":[{"embeddable":true,"href":"https:\/\/krolevents.fr\/index.php\/wp-json\/wp\/v2\/users\/1"}],"replies":[{"embeddable":true,"href":"https:\/\/krolevents.fr\/index.php\/wp-json\/wp\/v2\/comments?post=576"}],"version-history":[{"count":3,"href":"https:\/\/krolevents.fr\/index.php\/wp-json\/wp\/v2\/pages\/576\/revisions"}],"predecessor-version":[{"id":580,"href":"https:\/\/krolevents.fr\/index.php\/wp-json\/wp\/v2\/pages\/576\/revisions\/580"}],"wp:attachment":[{"href":"https:\/\/krolevents.fr\/index.php\/wp-json\/wp\/v2\/media?parent=576"}],"curies":[{"name":"wp","href":"https:\/\/api.w.org\/{rel}","templated":true}]}}