{"id":34,"date":"2019-04-03T15:23:29","date_gmt":"2019-04-03T13:23:29","guid":{"rendered":"http:\/\/krolevents.fr\/?page_id=34"},"modified":"2020-09-30T17:17:07","modified_gmt":"2020-09-30T15:17:07","slug":"contact","status":"publish","type":"page","link":"https:\/\/krolevents.fr\/index.php\/contact\/","title":{"rendered":"Contact"},"content":{"rendered":"<h4><strong>Formulaire de contact :<\/strong><\/h4>\r\n<p><img data-recalc-dims=\"1\" loading=\"lazy\" decoding=\"async\" class=\"wp-image-306 size-medium alignright\" src=\"https:\/\/i0.wp.com\/krolevents.fr\/wp-content\/uploads\/2019\/04\/en-plein-tournage-300x204.jpg?resize=300%2C204\" alt=\"\" width=\"300\" height=\"204\" srcset=\"https:\/\/i0.wp.com\/krolevents.fr\/wp-content\/uploads\/2019\/04\/en-plein-tournage.jpg?resize=300%2C204&amp;ssl=1 300w, https:\/\/i0.wp.com\/krolevents.fr\/wp-content\/uploads\/2019\/04\/en-plein-tournage.jpg?resize=768%2C522&amp;ssl=1 768w, https:\/\/i0.wp.com\/krolevents.fr\/wp-content\/uploads\/2019\/04\/en-plein-tournage.jpg?resize=1024%2C695&amp;ssl=1 1024w, https:\/\/i0.wp.com\/krolevents.fr\/wp-content\/uploads\/2019\/04\/en-plein-tournage.jpg?w=1898&amp;ssl=1 1898w\" sizes=\"auto, (max-width: 300px) 100vw, 300px\" \/><\/p>\r\n\r\n<p><strong>Sebastien Antunes<\/strong><br \/>G\u00e9rant<\/p>\r\n<p><br \/><strong>T\u00e9l\u00e9phone <\/strong><br \/>06.98.82.53.99<br \/><br \/><strong>Mail <\/strong><br \/><a href=\"contact@krolevents.fr\">contact@krolevents.fr<\/a><\/p>\r\n\r\n\r\n\r\n\r\n\r\n<pre class=\"wp-block-preformatted\">\u00a0<\/pre>\r\n\r\n\r\n<div class=\"everest-forms\"><div class=\"evf-container default\" id=\"evf-73\"><form id=\"evf-form-73\" class=\"everest-form\" data-formid=\"73\" data-ajax_submission=\"0\" data-keyboard_friendly_form=\"0\" data-form_state_type=\"\" method=\"post\" enctype=\"multipart\/form-data\" action=\"\/index.php\/wp-json\/wp\/v2\/pages\/34\"><div class=\"evf-field-container\"><input type=\"hidden\" id=\"_wpnonce73\" name=\"_wpnonce73\" value=\"5760422896\" \/><input type=\"hidden\" name=\"_wp_http_referer\" value=\"\/index.php\/wp-json\/wp\/v2\/pages\/34\" \/><div class=\"evf-frontend-row\" data-row=\"row_1\" conditional_rules=\"[]\"><div class=\"evf-frontend-grid evf-grid-1\" data-grid=\"grid_1\"><div id=\"evf-73-field_fullname-container\" class=\"evf-field evf-field-text form-row validate-required\" data-required-field-message=\"This field is required.\" data-field-id=\"fullname\"><label class=\"evf-field-label\" for=\"evf-73-field_fullname\"><span class=\"evf-label\">Nom<\/span> <abbr class=\"required\" title=\"N\u00e9cessaire\">*<\/abbr><\/label><input type=\"text\" id=\"evf-73-field_fullname\" class=\"input-text\" name=\"everest_forms[form_fields][fullname]\" required><\/div><div id=\"evf-73-field_j2C6cftUB6-1-container\" class=\"evf-field evf-field-first-name form-row\" data-field-id=\"j2C6cftUB6-1\"><label class=\"evf-field-label\" for=\"evf-73-field_j2C6cftUB6-1\"><span class=\"evf-label\">Soci\u00e9t\u00e9<\/span> <\/label><input type=\"text\" id=\"evf-73-field_j2C6cftUB6-1\" class=\"input-text\" name=\"everest_forms[form_fields][j2C6cftUB6-1]\" ><\/div><div id=\"evf-73-field_email-container\" class=\"evf-field evf-field-email form-row validate-required validate-email\" data-required-field-message=\"Please enter a valid email address.\" data-field-id=\"email\"><label class=\"evf-field-label\" for=\"evf-73-field_email\"><span class=\"evf-label\">Email<\/span> <abbr class=\"required\" title=\"N\u00e9cessaire\">*<\/abbr><\/label><input type=\"email\" id=\"evf-73-field_email\" class=\"input-text\" name=\"everest_forms[form_fields][email]\" required ><\/div><div id=\"evf-73-field_1SaiPDnJ9R-4-container\" class=\"evf-field evf-field-text form-row validate-required\" data-required-field-message=\"This field is required.\" data-field-id=\"1SaiPDnJ9R-4\"><label class=\"evf-field-label\" for=\"evf-73-field_1SaiPDnJ9R-4\"><span class=\"evf-label\">T\u00e9l\u00e9phone<\/span> <abbr class=\"required\" title=\"N\u00e9cessaire\">*<\/abbr><\/label><input type=\"text\" id=\"evf-73-field_1SaiPDnJ9R-4\" class=\"input-text\" name=\"everest_forms[form_fields][1SaiPDnJ9R-4]\" required><\/div><div id=\"evf-73-field_subject-container\" class=\"evf-field evf-field-text form-row validate-required\" data-required-field-message=\"This field is required.\" data-field-id=\"subject\"><label class=\"evf-field-label\" for=\"evf-73-field_subject\"><span class=\"evf-label\">Type de prestation<\/span> <abbr class=\"required\" title=\"N\u00e9cessaire\">*<\/abbr><\/label><input type=\"text\" id=\"evf-73-field_subject\" class=\"input-text\" name=\"everest_forms[form_fields][subject]\" required><\/div><div id=\"evf-73-field_DjxbxbGu9j-5-container\" class=\"evf-field evf-field-date-time form-row\" data-field-id=\"DjxbxbGu9j-5\"><label class=\"evf-field-label\" for=\"evf-73-field_DjxbxbGu9j-5\"><span class=\"evf-label\">Date<\/span> <\/label><input type=\"text\" id=\"evf-73-field_DjxbxbGu9j-5\" class=\"flatpickr-field input-text\" name=\"everest_forms[form_fields][DjxbxbGu9j-5]\" data-time-interval=\"15\" data-date-time=\"date\" data-mode=\"single\" data-locale=\"en\" data-date-format=\"Y-m-d\"  ><\/div><div id=\"evf-73-field_VuUQ3yDrz9-7-container\" class=\"evf-field evf-field-text form-row\" data-field-id=\"VuUQ3yDrz9-7\"><label class=\"evf-field-label\" for=\"evf-73-field_VuUQ3yDrz9-7\"><span class=\"evf-label\">Budget <\/span> <\/label><input type=\"text\" id=\"evf-73-field_VuUQ3yDrz9-7\" class=\"input-text\" name=\"everest_forms[form_fields][VuUQ3yDrz9-7]\" ><\/div><div id=\"evf-73-field_4103E9NPgh-6-container\" class=\"evf-field evf-field-number form-row\" data-field-id=\"4103E9NPgh-6\"><label class=\"evf-field-label\" for=\"evf-73-field_4103E9NPgh-6\"><span class=\"evf-label\">Nombre de convives<\/span> <\/label><input type=\"number\" id=\"evf-73-field_4103E9NPgh-6\" class=\"input-text\" name=\"everest_forms[form_fields][4103E9NPgh-6]\" step=\"1\" \/><\/div><div id=\"evf-73-field_message-container\" class=\"evf-field evf-field-textarea form-row\" data-field-id=\"message\"><label class=\"evf-field-label\" for=\"evf-73-field_message\"><span class=\"evf-label\">Message<\/span> <\/label><textarea id=\"evf-73-field_message\" class=\"input-text\" name=\"everest_forms[form_fields][message]\"  ><\/textarea><\/div><\/div><\/div><\/div><div class=\"evf-honeypot-container evf-field-hp\"><label for=\"evf-73-field-hp\" class=\"evf-field-label\">Website<\/label><input type=\"text\" name=\"everest_forms[hp]\" id=\"evf-73-field-hp\" class=\"input-text\"><\/div><div class=\"evf-submit-container \" ><input type=\"hidden\" name=\"everest_forms[id]\" value=\"73\"><input type=\"hidden\" name=\"everest_forms[author]\" value=\"1\"><button type='submit' name='everest_forms[submit]' class='everest-forms-submit-button button evf-submit ' id='evf-submit-73' value='evf-submit' data-process-text=\"Processing\u2026\" conditional_rules='&quot;&quot;' conditional_id='evf-submit-73'  id=\"evf-submit-73\" aria-live=\"assertive\">Envoyer<\/button><\/div><\/form><\/div><!-- .evf-container --><\/div>\r\n\r\n\r\n\r\n\r\n<p><strong><img data-recalc-dims=\"1\" loading=\"lazy\" decoding=\"async\" class=\"size-full wp-image-437 alignleft\" src=\"https:\/\/i0.wp.com\/krolevents.fr\/wp-content\/uploads\/2019\/05\/Sans-titre-1.png?resize=40%2C38\" alt=\"\" width=\"40\" height=\"38\" \/>suivez nous :<\/strong><br \/><a href=\"https:\/\/www.instagram.com\/krol_event\/\" target=\"_blank\" rel=\"noreferrer noopener\" aria-label=\"https:\/\/www.instagram.com\/krol_event\/  (s\u2019ouvre dans un nouvel onglet)\">https:\/\/www.instagram.com\/krol_event\/<\/a><\/p>\r\n<p>&nbsp;<\/p>\r\n","protected":false},"excerpt":{"rendered":"<p>Formulaire de contact : Sebastien AntunesG\u00e9rant T\u00e9l\u00e9phone 06.98.82.53.99 Mail contact@krolevents.fr \u00a0 suivez nous :https:\/\/www.instagram.com\/krol_event\/ &nbsp;<\/p>\n","protected":false},"author":1,"featured_media":0,"parent":0,"menu_order":0,"comment_status":"closed","ping_status":"closed","template":"","meta":{"_glsr_average":0,"_glsr_ranking":0,"_glsr_reviews":0,"footnotes":""},"class_list":["post-34","page","type-page","status-publish","hentry"],"aioseo_notices":[],"jetpack_sharing_enabled":true,"_links":{"self":[{"href":"https:\/\/krolevents.fr\/index.php\/wp-json\/wp\/v2\/pages\/34","targetHints":{"allow":["GET"]}}],"collection":[{"href":"https:\/\/krolevents.fr\/index.php\/wp-json\/wp\/v2\/pages"}],"about":[{"href":"https:\/\/krolevents.fr\/index.php\/wp-json\/wp\/v2\/types\/page"}],"author":[{"embeddable":true,"href":"https:\/\/krolevents.fr\/index.php\/wp-json\/wp\/v2\/users\/1"}],"replies":[{"embeddable":true,"href":"https:\/\/krolevents.fr\/index.php\/wp-json\/wp\/v2\/comments?post=34"}],"version-history":[{"count":32,"href":"https:\/\/krolevents.fr\/index.php\/wp-json\/wp\/v2\/pages\/34\/revisions"}],"predecessor-version":[{"id":516,"href":"https:\/\/krolevents.fr\/index.php\/wp-json\/wp\/v2\/pages\/34\/revisions\/516"}],"wp:attachment":[{"href":"https:\/\/krolevents.fr\/index.php\/wp-json\/wp\/v2\/media?parent=34"}],"curies":[{"name":"wp","href":"https:\/\/api.w.org\/{rel}","templated":true}]}}